{"id":2,"date":"2022-08-13T08:30:56","date_gmt":"2022-08-13T08:30:56","guid":{"rendered":"http:\/\/neretvacompany.com\/?page_id=2"},"modified":"2022-11-11T12:22:51","modified_gmt":"2022-11-11T12:22:51","slug":"sample-page","status":"publish","type":"page","link":"https:\/\/neretvacompany.com\/","title":{"rendered":""},"content":{"rendered":"\n<div class=\"wp-container-3 wp-block-columns\">\n<div class=\"wp-container-1 wp-block-column\"><\/div>\n\n\n\n<div class=\"wp-container-2 wp-block-column\"><\/div>\n<\/div>\n\n\n\n<div class=\"wp-container-8 wp-block-columns\">\n<div class=\"wp-container-4 wp-block-column\">\n<figure class=\"wp-block-image size-full\"><a href=\"http:\/\/www.lossence.com\"><img loading=\"lazy\" width=\"842\" height=\"595\" src=\"https:\/\/neretvacompany.com\/wp-content\/uploads\/2022\/09\/lossence.jpg\" alt=\"\" class=\"wp-image-16\" srcset=\"https:\/\/neretvacompany.com\/wp-content\/uploads\/2022\/09\/lossence.jpg 842w, https:\/\/neretvacompany.com\/wp-content\/uploads\/2022\/09\/lossence-300x212.jpg 300w, https:\/\/neretvacompany.com\/wp-content\/uploads\/2022\/09\/lossence-768x543.jpg 768w\" sizes=\"(max-width: 842px) 100vw, 842px\" \/><\/a><\/figure>\n<\/div>\n\n\n\n<div class=\"wp-container-5 wp-block-column\">\n<figure class=\"wp-block-image size-full\"><a href=\"https:\/\/lossence.com\/kurumsal\/\"><img loading=\"lazy\" width=\"842\" height=\"595\" src=\"https:\/\/neretvacompany.com\/wp-content\/uploads\/2022\/09\/De-Lossence-Kurumsal-Hediye-Cozumleri_001.jpg\" alt=\"\" class=\"wp-image-15\" srcset=\"https:\/\/neretvacompany.com\/wp-content\/uploads\/2022\/09\/De-Lossence-Kurumsal-Hediye-Cozumleri_001.jpg 842w, https:\/\/neretvacompany.com\/wp-content\/uploads\/2022\/09\/De-Lossence-Kurumsal-Hediye-Cozumleri_001-300x212.jpg 300w, https:\/\/neretvacompany.com\/wp-content\/uploads\/2022\/09\/De-Lossence-Kurumsal-Hediye-Cozumleri_001-768x543.jpg 768w\" sizes=\"(max-width: 842px) 100vw, 842px\" \/><\/a><\/figure>\n<\/div>\n\n\n\n<div class=\"wp-container-6 wp-block-column\">\n<figure class=\"wp-block-image size-full\"><img loading=\"lazy\" width=\"842\" height=\"595\" src=\"https:\/\/neretvacompany.com\/wp-content\/uploads\/2022\/11\/kurumsal-tedarik-hizmetleri-1.jpg\" alt=\"\" class=\"wp-image-39\" srcset=\"https:\/\/neretvacompany.com\/wp-content\/uploads\/2022\/11\/kurumsal-tedarik-hizmetleri-1.jpg 842w, https:\/\/neretvacompany.com\/wp-content\/uploads\/2022\/11\/kurumsal-tedarik-hizmetleri-1-300x212.jpg 300w, https:\/\/neretvacompany.com\/wp-content\/uploads\/2022\/11\/kurumsal-tedarik-hizmetleri-1-768x543.jpg 768w\" sizes=\"(max-width: 842px) 100vw, 842px\" \/><\/figure>\n<\/div>\n\n\n\n<div class=\"wp-container-7 wp-block-column\">\n<figure class=\"wp-block-image size-full\"><img loading=\"lazy\" width=\"842\" height=\"595\" src=\"https:\/\/neretvacompany.com\/wp-content\/uploads\/2022\/11\/reklam-ve-org.jpg\" alt=\"\" class=\"wp-image-38\" srcset=\"https:\/\/neretvacompany.com\/wp-content\/uploads\/2022\/11\/reklam-ve-org.jpg 842w, https:\/\/neretvacompany.com\/wp-content\/uploads\/2022\/11\/reklam-ve-org-300x212.jpg 300w, https:\/\/neretvacompany.com\/wp-content\/uploads\/2022\/11\/reklam-ve-org-768x543.jpg 768w\" sizes=\"(max-width: 842px) 100vw, 842px\" \/><\/figure>\n<\/div>\n<\/div>\n\n\n\n<div class=\"wp-container-14 wp-block-columns\">\n<div class=\"wp-container-13 wp-block-column\" style=\"flex-basis:100%\">\n<div class=\"wp-container-12 wp-block-columns\">\n<div class=\"wp-container-11 wp-block-column\">\n<div class=\"wp-container-10 wp-block-columns\">\n<div class=\"wp-container-9 wp-block-column\">\n<p class=\"has-text-align-center\">Ye\u015filk\u00f6y Mh. Atat\u00fcrk Cad. EGS Business Park Blok No: 12\/8 Bak\u0131rk\u00f6y \/ \u0130STANBUL<br>info@neretvacompany.com &#8211; +9 0212 463 7127<\/p>\n<\/div>\n<\/div>\n<\/div>\n<\/div>\n<\/div>\n<\/div>\n","protected":false},"excerpt":{"rendered":"<p>Ye\u015filk\u00f6y Mh. Atat\u00fcrk Cad. EGS Business Park Blok No: 12\/8 Bak\u0131rk\u00f6y \/ \u0130STANBULinfo@neretvacompany.com &#8211; +9 0212 463 7127<\/p>\n","protected":false},"author":1,"featured_media":0,"parent":0,"menu_order":0,"comment_status":"closed","ping_status":"open","template":"","meta":{"om_disable_all_campaigns":false,"_monsterinsights_skip_tracking":false,"_monsterinsights_sitenote_active":false,"_monsterinsights_sitenote_note":"","_monsterinsights_sitenote_category":0},"aioseo_notices":[],"_links":{"self":[{"href":"https:\/\/neretvacompany.com\/index.php?rest_route=\/wp\/v2\/pages\/2"}],"collection":[{"href":"https:\/\/neretvacompany.com\/index.php?rest_route=\/wp\/v2\/pages"}],"about":[{"href":"https:\/\/neretvacompany.com\/index.php?rest_route=\/wp\/v2\/types\/page"}],"author":[{"embeddable":true,"href":"https:\/\/neretvacompany.com\/index.php?rest_route=\/wp\/v2\/users\/1"}],"replies":[{"embeddable":true,"href":"https:\/\/neretvacompany.com\/index.php?rest_route=%2Fwp%2Fv2%2Fcomments&post=2"}],"version-history":[{"count":14,"href":"https:\/\/neretvacompany.com\/index.php?rest_route=\/wp\/v2\/pages\/2\/revisions"}],"predecessor-version":[{"id":48,"href":"https:\/\/neretvacompany.com\/index.php?rest_route=\/wp\/v2\/pages\/2\/revisions\/48"}],"wp:attachment":[{"href":"https:\/\/neretvacompany.com\/index.php?rest_route=%2Fwp%2Fv2%2Fmedia&parent=2"}],"curies":[{"name":"wp","href":"https:\/\/api.w.org\/{rel}","templated":true}]}}